{"id":464,"date":"2025-03-26T18:46:57","date_gmt":"2025-03-26T16:46:57","guid":{"rendered":"https:\/\/kaaru.fi\/?page_id=464"},"modified":"2025-03-26T19:11:09","modified_gmt":"2025-03-26T17:11:09","slug":"soutu-2-2","status":"publish","type":"page","link":"https:\/\/kaaru.fi\/?page_id=464","title":{"rendered":"Soutu"},"content":{"rendered":"<p><a href=\"https:\/\/kaaru.fi\/?page_id=188\">Etusivu<\/a> \u00b7 <a href=\"https:\/\/kaaru.fi\/?page_id=446\">Soutukeskus<\/a> \u00b7 J\u00e4sen info \u00b7 <a href=\"https:\/\/kaaru.fi\/?page_id=439\">Hallitus \u00b7 <\/a><a href=\"https:\/\/kaaru.fi\/?page_id=457\">Yhteystiedot<\/a><\/p>\n<p>Seura toivottaa tervetutulleeksi uusia kirkkovenesoutajia sek\u00e4 pienvenesoutajia. Kirkkovenesoutuun voi tulla tutustumaan soutuharjoituksiin soutukeskukselle. Harjoitusajat l\u00f6ytyy <a href=\"https:\/\/kaaru.fi\/?page_id=188\">tapahtumakalenterista<\/a>.<\/p>\n<p>Hein\u00e4kuussa k\u00e4yd\u00e4\u00e4n soutamassa <a href=\"https:\/\/www.suursoudut.fi\/\">Sulkavan Suursoudussa<\/a> sek\u00e4 <a href=\"https:\/\/www.takonsoutajat.fi\/kilpailut\/pirkansoutu\/\">Pirkan soudussa<\/a>.<\/p>\n<p>Seuralla on j\u00e4senten k\u00e4ytett\u00e4viss\u00e4 kaksi kirkkovenett\u00e4, yksinsoutuvene ja parisoutuvene. Soutamisen lis\u00e4ksi j\u00e4senet osallistuvat kaluston huoltamiseen talkooty\u00f6n\u00e4.<\/p>\n<p>Seuran j\u00e4senmaksu on 40\u20ac vuodessa. J\u00e4seneksi voi liitty\u00e4 <a href=\"https:\/\/kaaru.fi\/?page_id=164\">t\u00e4st\u00e4<\/a>.<\/p>\n<p>Lis\u00e4\u00e4 tietoa puuvenesoudusta l\u00f6ytyy mm. Suomen melonta ja soutuliiton <a href=\"https:\/\/melontajasoutuliitto.fi\/soutu\/puuvenesoutu\/\">sivulta<\/a>.<\/p>\n","protected":false},"excerpt":{"rendered":"<p>Etusivu \u00b7 Soutukeskus \u00b7 J\u00e4sen info \u00b7 Hallitus \u00b7 Yhteystiedot Seura toivottaa tervetutulleeksi uusia kirkkovenesoutajia sek\u00e4 pienvenesoutajia. Kirkkovenesoutuun voi tulla tutustumaan soutuharjoituksiin soutukeskukselle. Harjoitusajat l\u00f6ytyy tapahtumakalenterista. Hein\u00e4kuussa k\u00e4yd\u00e4\u00e4n soutamassa Sulkavan Suursoudussa sek\u00e4 Pirkan soudussa. Seuralla on j\u00e4senten k\u00e4ytett\u00e4viss\u00e4 kaksi kirkkovenett\u00e4, &hellip; <a href=\"https:\/\/kaaru.fi\/?page_id=464\">Lue loppuun <span class=\"meta-nav\">&rarr;<\/span><\/a><\/p>\n","protected":false},"author":8,"featured_media":0,"parent":188,"menu_order":0,"comment_status":"closed","ping_status":"closed","template":"","meta":{"footnotes":""},"_links":{"self":[{"href":"https:\/\/kaaru.fi\/index.php?rest_route=\/wp\/v2\/pages\/464"}],"collection":[{"href":"https:\/\/kaaru.fi\/index.php?rest_route=\/wp\/v2\/pages"}],"about":[{"href":"https:\/\/kaaru.fi\/index.php?rest_route=\/wp\/v2\/types\/page"}],"author":[{"embeddable":true,"href":"https:\/\/kaaru.fi\/index.php?rest_route=\/wp\/v2\/users\/8"}],"replies":[{"embeddable":true,"href":"https:\/\/kaaru.fi\/index.php?rest_route=%2Fwp%2Fv2%2Fcomments&post=464"}],"version-history":[{"count":6,"href":"https:\/\/kaaru.fi\/index.php?rest_route=\/wp\/v2\/pages\/464\/revisions"}],"predecessor-version":[{"id":483,"href":"https:\/\/kaaru.fi\/index.php?rest_route=\/wp\/v2\/pages\/464\/revisions\/483"}],"up":[{"embeddable":true,"href":"https:\/\/kaaru.fi\/index.php?rest_route=\/wp\/v2\/pages\/188"}],"wp:attachment":[{"href":"https:\/\/kaaru.fi\/index.php?rest_route=%2Fwp%2Fv2%2Fmedia&parent=464"}],"curies":[{"name":"wp","href":"https:\/\/api.w.org\/{rel}","templated":true}]}}