{"id":457,"date":"2025-03-26T18:33:08","date_gmt":"2025-03-26T16:33:08","guid":{"rendered":"https:\/\/kaaru.fi\/?page_id=457"},"modified":"2025-03-26T18:50:31","modified_gmt":"2025-03-26T16:50:31","slug":"soutu-3","status":"publish","type":"page","link":"https:\/\/kaaru.fi\/?page_id=457","title":{"rendered":"Soutu"},"content":{"rendered":"<p><a href=\"https:\/\/kaaru.fi\/?page_id=188\">Etusivu<\/a> \u00b7 <a href=\"https:\/\/kaaru.fi\/?page_id=446\">Soutukeskus\u00a0\u00b7 <\/a><a href=\"https:\/\/kaaru.fi\/?page_id=439\">Hallitus <\/a>\u00b7 J\u00e4sen info \u00b7 Yhteystiedot<\/p>\n<p>Hallituksen puheenjohtaja Marja-Liisa Tuominen<br \/>\npuh. 0400 354 129<br \/>\nmaisa.tuominen@gmail.com<\/p>\n<p>Sihteeri Pirjo K\u00e4rki<br \/>\npuh. 040 843 7393<br \/>\npirjokarki56@gmail.com<\/p>\n<p>Venevuokrauksen yhteyshenkil\u00f6 Hannu Hirsim\u00e4ki<br \/>\npuh. 040 506 1160<br \/>\nhannu.hirsimaki@laketek.fi<\/p>\n<p>Soutukeskus \/ Voivalan venesatama<br \/>\nVoivalanranta 26,<br \/>\n20780 Kaarina<\/p>\n","protected":false},"excerpt":{"rendered":"<p>Etusivu \u00b7 Soutukeskus\u00a0\u00b7 Hallitus \u00b7 J\u00e4sen info \u00b7 Yhteystiedot Hallituksen puheenjohtaja Marja-Liisa Tuominen puh. 0400 354 129 maisa.tuominen@gmail.com Sihteeri Pirjo K\u00e4rki puh. 040 843 7393 pirjokarki56@gmail.com Venevuokrauksen yhteyshenkil\u00f6 Hannu Hirsim\u00e4ki puh. 040 506 1160 hannu.hirsimaki@laketek.fi Soutukeskus \/ Voivalan venesatama Voivalanranta &hellip; <a href=\"https:\/\/kaaru.fi\/?page_id=457\">Lue loppuun <span class=\"meta-nav\">&rarr;<\/span><\/a><\/p>\n","protected":false},"author":8,"featured_media":0,"parent":188,"menu_order":0,"comment_status":"closed","ping_status":"closed","template":"","meta":{"footnotes":""},"_links":{"self":[{"href":"https:\/\/kaaru.fi\/index.php?rest_route=\/wp\/v2\/pages\/457"}],"collection":[{"href":"https:\/\/kaaru.fi\/index.php?rest_route=\/wp\/v2\/pages"}],"about":[{"href":"https:\/\/kaaru.fi\/index.php?rest_route=\/wp\/v2\/types\/page"}],"author":[{"embeddable":true,"href":"https:\/\/kaaru.fi\/index.php?rest_route=\/wp\/v2\/users\/8"}],"replies":[{"embeddable":true,"href":"https:\/\/kaaru.fi\/index.php?rest_route=%2Fwp%2Fv2%2Fcomments&post=457"}],"version-history":[{"count":4,"href":"https:\/\/kaaru.fi\/index.php?rest_route=\/wp\/v2\/pages\/457\/revisions"}],"predecessor-version":[{"id":468,"href":"https:\/\/kaaru.fi\/index.php?rest_route=\/wp\/v2\/pages\/457\/revisions\/468"}],"up":[{"embeddable":true,"href":"https:\/\/kaaru.fi\/index.php?rest_route=\/wp\/v2\/pages\/188"}],"wp:attachment":[{"href":"https:\/\/kaaru.fi\/index.php?rest_route=%2Fwp%2Fv2%2Fmedia&parent=457"}],"curies":[{"name":"wp","href":"https:\/\/api.w.org\/{rel}","templated":true}]}}