{"id":446,"date":"2025-03-26T17:16:47","date_gmt":"2025-03-26T15:16:47","guid":{"rendered":"https:\/\/kaaru.fi\/?page_id=446"},"modified":"2025-03-26T18:39:34","modified_gmt":"2025-03-26T16:39:34","slug":"soutu-2","status":"publish","type":"page","link":"https:\/\/kaaru.fi\/?page_id=446","title":{"rendered":"Soutu"},"content":{"rendered":"<p><a href=\"https:\/\/kaaru.fi\/?page_id=188\">Etusivu<\/a> \u00b7 Soutukeskus \u00b7 J\u00e4sen info \u00b7 <a href=\"https:\/\/kaaru.fi\/?page_id=439\">Hallitus \u00b7 <\/a><a href=\"https:\/\/kaaru.fi\/?page_id=457\">Yhteystiedot<\/a><\/p>\n<p>Soutukeskus sijaitsee Voivalanrannassa, Kaarinassa. Suotukeskus on rakennettu talkooty\u00f6n\u00e4 vuonna 1993. Samana vuonna rakennettiin my\u00f6s soutukeskuksen laituri. Soutukeskusta k\u00e4ytt\u00e4\u00e4 soutajien lis\u00e4ksi my\u00f6s <a href=\"https:\/\/kaarinanretkimelojat.wordpress.com\/\">Kaarinan Retkimelojat<\/a>.<br \/>\n<iframe loading=\"lazy\" style=\"border: 0;\" src=\"https:\/\/www.google.com\/maps\/embed?pb=!1m14!1m8!1m3!1d6690.943543570133!2d22.411228524614607!3d60.406591373873304!3m2!1i1024!2i768!4f13.1!3m3!1m2!1s0x468c704f8ee35f15%3A0xecfdeb17e392c594!2sVoivalanranta%2026%2C%2020780%20Kaarina!5e1!3m2!1sfi!2sfi!4v1742409256306!5m2!1sfi!2sfi\" width=\"600\" height=\"450\" allowfullscreen=\"allowfullscreen\"><\/iframe><\/p>\n","protected":false},"excerpt":{"rendered":"<p>Etusivu \u00b7 Soutukeskus \u00b7 J\u00e4sen info \u00b7 Hallitus \u00b7 Yhteystiedot Soutukeskus sijaitsee Voivalanrannassa, Kaarinassa. Suotukeskus on rakennettu talkooty\u00f6n\u00e4 vuonna 1993. Samana vuonna rakennettiin my\u00f6s soutukeskuksen laituri. Soutukeskusta k\u00e4ytt\u00e4\u00e4 soutajien lis\u00e4ksi my\u00f6s Kaarinan Retkimelojat.<\/p>\n","protected":false},"author":8,"featured_media":0,"parent":188,"menu_order":0,"comment_status":"closed","ping_status":"closed","template":"","meta":{"footnotes":""},"_links":{"self":[{"href":"https:\/\/kaaru.fi\/index.php?rest_route=\/wp\/v2\/pages\/446"}],"collection":[{"href":"https:\/\/kaaru.fi\/index.php?rest_route=\/wp\/v2\/pages"}],"about":[{"href":"https:\/\/kaaru.fi\/index.php?rest_route=\/wp\/v2\/types\/page"}],"author":[{"embeddable":true,"href":"https:\/\/kaaru.fi\/index.php?rest_route=\/wp\/v2\/users\/8"}],"replies":[{"embeddable":true,"href":"https:\/\/kaaru.fi\/index.php?rest_route=%2Fwp%2Fv2%2Fcomments&post=446"}],"version-history":[{"count":6,"href":"https:\/\/kaaru.fi\/index.php?rest_route=\/wp\/v2\/pages\/446\/revisions"}],"predecessor-version":[{"id":463,"href":"https:\/\/kaaru.fi\/index.php?rest_route=\/wp\/v2\/pages\/446\/revisions\/463"}],"up":[{"embeddable":true,"href":"https:\/\/kaaru.fi\/index.php?rest_route=\/wp\/v2\/pages\/188"}],"wp:attachment":[{"href":"https:\/\/kaaru.fi\/index.php?rest_route=%2Fwp%2Fv2%2Fmedia&parent=446"}],"curies":[{"name":"wp","href":"https:\/\/api.w.org\/{rel}","templated":true}]}}