{"id":188,"date":"2018-10-03T16:47:46","date_gmt":"2018-10-03T13:47:46","guid":{"rendered":"https:\/\/kaaru.fi\/?page_id=188"},"modified":"2025-03-26T19:01:43","modified_gmt":"2025-03-26T17:01:43","slug":"soutu","status":"publish","type":"page","link":"https:\/\/kaaru.fi\/?page_id=188","title":{"rendered":"Soutu"},"content":{"rendered":"<p>Etusivu \u00b7 <a href=\"https:\/\/kaaru.fi\/?page_id=471\">Kalenteri<\/a> \u00b7 <a href=\"https:\/\/kaaru.fi\/?page_id=446\">Soutukeskus<\/a> \u00b7 <a href=\"https:\/\/kaaru.fi\/?page_id=464\">J\u00e4sen info<\/a> \u00b7 <a href=\"https:\/\/kaaru.fi\/?page_id=439\">Hallitus<\/a> \u00b7 <a href=\"https:\/\/kaaru.fi\/?page_id=457\">Yhteystiedot<\/a><\/p>\n<p><img decoding=\"async\" class=\"alignnone size-medium wp-image-433\" src=\"https:\/\/kaaru.fi\/wp-content\/uploads\/2025\/03\/IMG-20230523-WA0003-300x135.jpg\" alt=\"\" width=\"100%\" height=\"135\" srcset=\"https:\/\/kaaru.fi\/wp-content\/uploads\/2025\/03\/IMG-20230523-WA0003-300x135.jpg 300w, https:\/\/kaaru.fi\/wp-content\/uploads\/2025\/03\/IMG-20230523-WA0003-1024x461.jpg 1024w, https:\/\/kaaru.fi\/wp-content\/uploads\/2025\/03\/IMG-20230523-WA0003-768x346.jpg 768w, https:\/\/kaaru.fi\/wp-content\/uploads\/2025\/03\/IMG-20230523-WA0003-1536x692.jpg 1536w, https:\/\/kaaru.fi\/wp-content\/uploads\/2025\/03\/IMG-20230523-WA0003-500x225.jpg 500w, https:\/\/kaaru.fi\/wp-content\/uploads\/2025\/03\/IMG-20230523-WA0003.jpg 1763w\" sizes=\"(max-width: 300px) 100vw, 300px\" \/><\/p>\n<p>Soutujaoksen toimintaan kuuluu puuvenesoutua Kaarinan merimaisemassa ja suomalaisiin soututapahtumiin osallistumista sek\u00e4 erilaisia retkisoutuja. Kaarinan urheilijat ry:n soutujaos on perustettu vuonna 1990 ja se on Suomen melonta- ja soutuliiton j\u00e4sen. Soutujaoksen hallitus valitaan vuosittain ja vuonna 2025 hallituksessa on kuusi j\u00e4sent\u00e4. Hallituksen puheenjohtajana toimii Marja-Liisa Tuominen.<\/p>\n","protected":false},"excerpt":{"rendered":"<p>Etusivu \u00b7 Kalenteri \u00b7 Soutukeskus \u00b7 J\u00e4sen info \u00b7 Hallitus \u00b7 Yhteystiedot Soutujaoksen toimintaan kuuluu puuvenesoutua Kaarinan merimaisemassa ja suomalaisiin soututapahtumiin osallistumista sek\u00e4 erilaisia retkisoutuja. Kaarinan urheilijat ry:n soutujaos on perustettu vuonna 1990 ja se on Suomen melonta- ja soutuliiton &hellip; <a href=\"https:\/\/kaaru.fi\/?page_id=188\">Lue loppuun <span class=\"meta-nav\">&rarr;<\/span><\/a><\/p>\n","protected":false},"author":1,"featured_media":0,"parent":0,"menu_order":0,"comment_status":"closed","ping_status":"closed","template":"","meta":{"footnotes":""},"_links":{"self":[{"href":"https:\/\/kaaru.fi\/index.php?rest_route=\/wp\/v2\/pages\/188"}],"collection":[{"href":"https:\/\/kaaru.fi\/index.php?rest_route=\/wp\/v2\/pages"}],"about":[{"href":"https:\/\/kaaru.fi\/index.php?rest_route=\/wp\/v2\/types\/page"}],"author":[{"embeddable":true,"href":"https:\/\/kaaru.fi\/index.php?rest_route=\/wp\/v2\/users\/1"}],"replies":[{"embeddable":true,"href":"https:\/\/kaaru.fi\/index.php?rest_route=%2Fwp%2Fv2%2Fcomments&post=188"}],"version-history":[{"count":21,"href":"https:\/\/kaaru.fi\/index.php?rest_route=\/wp\/v2\/pages\/188\/revisions"}],"predecessor-version":[{"id":478,"href":"https:\/\/kaaru.fi\/index.php?rest_route=\/wp\/v2\/pages\/188\/revisions\/478"}],"wp:attachment":[{"href":"https:\/\/kaaru.fi\/index.php?rest_route=%2Fwp%2Fv2%2Fmedia&parent=188"}],"curies":[{"name":"wp","href":"https:\/\/api.w.org\/{rel}","templated":true}]}}