{"id":176,"date":"2018-10-03T16:46:57","date_gmt":"2018-10-03T13:46:57","guid":{"rendered":"https:\/\/kaaru.fi\/?page_id=176"},"modified":"2025-08-07T22:06:48","modified_gmt":"2025-08-07T19:06:48","slug":"karate-tai-chi","status":"publish","type":"page","link":"https:\/\/kaaru.fi\/?page_id=176","title":{"rendered":"Karate"},"content":{"rendered":"<h1><img loading=\"lazy\" decoding=\"async\" class=\"alignnone size-full wp-image-28\" src=\"https:\/\/kaaru.fi\/wp-content\/uploads\/2018\/10\/judo.png\" alt=\"\" width=\"146\" height=\"139\" \/><\/h1>\n<h1><span style=\"color: #ff0000;\">HISTORIAA SEURASTAMME:<\/span><\/h1>\n<p>Kaarinan Urheilijoiden Karate, Tai-Chi jaoston toiminta alkoi helmikuussa 1992 Tommi Halsvahan toimesta. Halsvaha aloitti karateharjoittelun 70-luvulla Salon viesti Karatessa ja sielt\u00e4 h\u00e4n siirtyi harjoittelemaan Turkuun Shaolin seuraan Ilpo Jalamon oppilaaksi. Shaolinissa h\u00e4n harjoitteli my\u00f6s Kobudoa, Judoa ja Tai-Chi \u201dkiinalaista voimistelua\u201d ja oli yhdess\u00e4 Jalamon ja Tero Laaksosen kanssa levitt\u00e4m\u00e4ss\u00e4 George Dillmanin hermopiste karatea suomeen. Dillman my\u00f6nsi Halsvahalle 3. dan mustan vy\u00f6n. Halsvahalla on 3. dan musta vy\u00f6 my\u00f6s Yuishinkai karatejutsussa. Nykyisin seuran vanhat oppilaat siirt\u00e4v\u00e4t Yuishinkain perinnett\u00e4 eteenp\u00e4in.<\/p>\n<p><img loading=\"lazy\" decoding=\"async\" class=\"alignnone size-full wp-image-291\" src=\"https:\/\/kaaru.fi\/wp-content\/uploads\/2020\/09\/Kaaru.fi_kuva2.jpg\" alt=\"\" width=\"200\" height=\"267\" \/><\/p>\n<p><strong>Valmentajina seurassamme toimii (syyskausi -25):<\/strong><\/p>\n<p>Hannu Hopiavuori 2. dan (vastuuvalmentaja ja graduoinnit)<\/p>\n<p>Tero Lehtonen 1. dan (vastuuvalmentaja)<\/p>\n<p>Tuomas Lehtisalo 1.kyu (vastuuvalmentaja)<\/p>\n<p>Noora Lehtinen-Skews 2. dan (kobujutsu)<\/p>\n<p>&nbsp;<\/p>\n<h1><span style=\"color: #ff0000;\">Yuishinkai Karate-Jutsu<\/span><\/h1>\n<p>Motokatsu Inouen perustama <span class=\"wz-italic\">Yuishinkai karate-jutsu<\/span> pohjautuu Yasuhiro Konishin\u00a0opettamaan Shindo Jinen-Ryu\u00a0<span class=\"wz-italic\">karateen<\/span>, ja on lis\u00e4ksi saanut vaikutteita muun muassa j\u016bjutsusta ja okinawalaisista asetaidoista (kobujutsu). Nimi merkitsee suomennettuna &#8221;oikean mielen koulukuntaa&#8221;, korostaen oikean kamppailuhengen merkityst\u00e4 harjoittelussa. Suomalaisille Yuishinkai tarjoaa mahdollisuuden harjoitella perinteist\u00e4 karatea, jossa on mukana perus- ja yhdistelm\u00e4tekniikkaa, mielek\u00e4st\u00e4 kataharjoittelua itsepuolustukseen liittyvine sovellutuksineen sek\u00e4 asetekniikkaa. Tyylin toi Suomeen vuonna 1978 turkulainen Ilpo Jalamo; sittemmin se on levinnyt erityisesti Lounais-Suomeen ja my\u00f6s p\u00e4\u00e4kaupunkiseudulle. Suomen Yuishinkai ry on perustettu vuonna 1987.<\/p>\n<p>Kuvat: ylempi, Tommi Halsvahan arkisto. Alakuva \/ uutiskuva, \u00a9 Tapani Mylly.<\/p>\n<h1><span style=\"color: #ff0000;\">AJANKOHTAISTA:<\/span><\/h1>\n<p>Syyskausi -25 alkaa ke 3.9. Seurassamme ei t\u00e4ll\u00e4 hetkell\u00e4 ole erillist\u00e4 alkeiskurssiryhm\u00e4\u00e4, vaan uudet harrastajat liittyv\u00e4t osaksi olemassa olevia ryhmi\u00e4. Jo aikaisemmin harjoitelleet ei tarvitse ilmoittautua erikseen uuteen kauteen.<\/p>\n<p>Junnutreenaajien suuren m\u00e4\u00e4r\u00e4n vuoksi olemme vuonna 2024 muuttaneet ryhm\u00e4n ik\u00e4jakaumaa siten, ett\u00e4 junioriryhm\u00e4ss\u00e4 harjoittelee 7-11v. ja nuorten\/aikuisten ryhm\u00e4ss\u00e4 12v. ja sit\u00e4 vanhemmat. T\u00e4ll\u00e4 saamme tasattua ryhm\u00e4kokoja ja t\u00e4t\u00e4 kautta treenaaminen on mielekk\u00e4\u00e4mp\u00e4\u00e4. Suhteellisen nuoresta ik\u00e4jakaumasta huolimatta aikuisharjoittelijat ovat tervetulleita ryhm\u00e4\u00e4n ja pyrimme pit\u00e4m\u00e4\u00e4n harjoitukset kaikille sopivina.<\/p>\n<p>T\u00e4ll\u00e4kin kaudella on mahdollista nuorten\/aikuisten (12+) ryhm\u00e4l\u00e4isten treenata maanantaisin klo 19.30 &#8211; 21.00. Maanantaitreenien teemana on painotetusti pysty- ja matto-ottelu sek\u00e4 itsepuolustus. N\u00e4iss\u00e4 harjoituksissa on suositeltavaa olla mukana hammas- ja alasuojat sek\u00e4 sparrihanskat mallia MMA. Kysy tarkennuksia ja sopivuutta ryhm\u00e4\u00e4n valmentajilta. Yleisen\u00e4 ehtona ryhm\u00e4\u00e4n p\u00e4\u00e4semisen\u00e4 on se, ett\u00e4 keltainen vy\u00f6 on suoritettu.<\/p>\n<p>Syyskaudella -25 Kaarinan dojolla alkaa erillinen <a href=\"https:\/\/kobujutsu.fi\/kobujutsu-2\/\">kobujutsu<\/a>-tunti perjantaisin, mik\u00e4 on tarkoitettu nuorten\/aikuisten (12+) ryhm\u00e4n harjoittelijoille, joilla on v\u00e4hint\u00e4\u00e4n oranssi vy\u00f6 suoritettuna. T\u00e4t\u00e4 ryhm\u00e4\u00e4 vet\u00e4\u00e4 Noora Lehtinen-Skews (Yuishinkai karate 2. dan, Ryukyu Kobujutsu 2. dan). Tiedotamme t\u00e4m\u00e4n ryhm\u00e4n aikataulusta erikseen, kun kausi on alkanut.<\/p>\n<p>Vy\u00f6kokeet pidet\u00e4\u00e4n aina kauden p\u00e4\u00e4tteeksi. Valmentajat k\u00e4yv\u00e4t harjoittelijoiden kanssa l\u00e4pi kenelle vy\u00f6koe on ajankohtainen. Uudet harjoittelijat suorittavat keltaisen vy\u00f6n, mik\u00e4li harjoituskertoja on riitt\u00e4v\u00e4sti.<\/p>\n<p>Vy\u00f6koemaksut: juniorit 10\u20ac kaikki vy\u00f6arvot, raitakoe ilmainen. Aikuiset keltainen &#8211; oranssi 15\u20ac, vihre\u00e4 &#8211; sininen 20\u20ac. Mielell\u00e4\u00e4n tasaraha k\u00e4teisell\u00e4, tai maksu seuran tilille ja kuitti mukaan.<\/p>\n<p><strong>Harjoituspuvun hankinnassa suosittelemme:<\/strong><\/p>\n<p>Sabe Oy \/ Vanha Littoistentie 75, 20540 Turku<\/p>\n<p>Olemme hankkineet harjoituspukuun ommeltavia tyylisuuntalogoja. Merkin hinta on 5\u20ac \/ kpl. Mik\u00e4li t\u00e4llaisen haluaa, maksu seuran tilille ja kuitilla saa lunastettua valmentajilta merkin. Tilinumero sama kuin kausimaksulla, viestiksi harjoittelijan nimi.<\/p>\n<h2><span style=\"color: #ff0000;\">ALKEISKURSSIT:<\/span><\/h2>\n<p>Alkeiskurssit junnuille sek\u00e4 nuorille ja aikuisille alkavat aina syys- ja kev\u00e4tkauden alussa (mik\u00e4li ryhm\u00e4ss\u00e4 on tilaa). Harjoitusp\u00e4iv\u00e4t ja ajat ovat\u00a0<strong>keskiviikkoisin ja perjantaisin.<\/strong> Alkeiskurssin <strong>kesto n. 4 kk.<\/strong>\u00a0Ilmoittautuminen s\u00e4hk\u00f6postitse. Alta l\u00f6ytyv\u00e4t info ja hinnasto. Ensimm\u00e4isen viikon saa tutustua maksutta ennen sitovia ilmoituksia.<\/p>\n<p>Tsemppi\u00e4 tatamille!<\/p>\n<h2><span style=\"color: #ff0000;\">HARJOITUSAJAT:<\/span><\/h2>\n<p><strong>Juniorit ( 7-11-vuotiaat )<\/strong><\/p>\n<p>keskiviikko ja perjantai klo 17:30-18:30<strong><br \/>\n<\/strong><\/p>\n<p><strong>Nuoret ja aikuiset (12 +)<\/strong><\/p>\n<p>keskiviikko 18.30-19.30 (keltaisesta vy\u00f6st\u00e4 eteenp\u00e4in harjoittelijat voivat jatkaa keskiviikon harjoituksia kata-teemalla klo 20.00 asti)<\/p>\n<p>perjantai 18:30-19:30<\/p>\n<p>maanantai klo 19.30 &#8211; 21.00 (otteluharjoitukset)<\/p>\n<p><strong>Uutena harjoittelijana varusteiksi tarvitset T-paidan ja treenihousut tai shortsit (ilman vetoketjuja). Tatamilla ollaan paljain jaloin ja jalat tulee pest\u00e4 ennen harjoituksia (pukuhuoneissa on suihkut). Karatepuku kannattaa viimeist\u00e4\u00e4n hankkia ensimm\u00e4isen kauden j\u00e4lkeen. Kysyk\u00e4\u00e4 lis\u00e4infoa rohkeasti valmentajilta!<\/strong><\/p>\n<h2><strong>HARJOITUKSET VAPARIN V\u00c4EST\u00d6NSUOJATILOISSA. Kyyn\u00e4r\u00e4katu 3, Kaarina.<\/strong><\/h2>\n<div id=\"webs-bin-51b792180cf2faf3cda36fb8\" class=\"webs-bin\">\n<div class=\"webs-bin-wrap\">\n<div class=\"webs-container webs-module-text \">\n<div class=\"webs-text \">\n<p><strong>HIIHTO- JA SYYSLOMALLA SALI SULJETTU \/ EI HARJOITUKSIA !<\/strong><\/p>\n<\/div>\n<\/div>\n<\/div>\n<\/div>\n<h2><span style=\"color: #ff0000;\">HINNASTO:<\/span><\/h2>\n<p><strong>SYYS- JA KEV\u00c4TKAUSI:<\/strong><\/p>\n<p>70 \u20ac \/ KAUSI, KAHDESTI VIIKOSSA\u00a0 HARJOITUKSIIN OSALLISTUVILTA.<\/p>\n<p>50 \u20ac \/ KAUSI, KERRAN VIIKOSSA HARJOITUKSIIN OSALLISTUVILTA.<\/p>\n<p><strong>PERHEALENNUS:<\/strong>\u00a0samasta perheest\u00e4 kaksi tai useampi harjoittelija 50 \u20ac \/ KAUSI \/ HENKIL\u00d6 (kahdesti viikossa)<\/p>\n<p>Tili:\u00a0TURUNSEUDUN\u00a0OP<br \/>\nIBAN FI3157108320015525<br \/>\nbic\u00a0OKOYFIHH<\/p>\n<p>VIESTI: Viestikentt\u00e4\u00e4n harjoittelijan (harjoittelijoiden) etu- ja sukunimi<\/p>\n<p>VIITE: ei viitett\u00e4<\/p>\n<h2><strong><span style=\"color: #ff0000;\">YHTEYDENOTOT JA ILMOITTAUTUMINEN:<\/span><\/strong><\/h2>\n<p><strong>Hannu Hopiavuori<\/strong><\/p>\n<p>s-posti: hannu.hopiavuori@gmail.com<\/p>\n<p>puh: 050 585 8253<\/p>\n<p>Osoite: Vaparin liikuntatilat,\u00a0Kyyn\u00e4r\u00e4katu 3<br \/>\n20780 Kaarina<\/p>\n<p><strong>Linkit:<\/strong><\/p>\n<p><strong>facebook: @KaaruKarate<\/strong><\/p>\n<p>Muita linkkej\u00e4:<\/p>\n<blockquote class=\"wp-embedded-content\" data-secret=\"cfO2lGQt9o\"><p><a href=\"https:\/\/www.turuntode.fi\/\">Etusivu<\/a><\/p><\/blockquote>\n<p><iframe class=\"wp-embedded-content\" sandbox=\"allow-scripts\" security=\"restricted\" style=\"position: absolute; clip: rect(1px, 1px, 1px, 1px);\" title=\"&#8221;Etusivu&#8221; &#8212; Turun kamppailuseura Tode ry\" src=\"https:\/\/www.turuntode.fi\/embed\/#?secret=vCIhJSvKdX#?secret=cfO2lGQt9o\" data-secret=\"cfO2lGQt9o\" width=\"584\" height=\"329\" frameborder=\"0\" marginwidth=\"0\" marginheight=\"0\" scrolling=\"no\"><\/iframe><\/p>\n<p><a href=\"https:\/\/www.shaolin.fi\/\">https:\/\/www.shaolin.fi\/<\/a><\/p>\n<blockquote class=\"wp-embedded-content\" data-secret=\"9eCmRYFDEj\"><p><a href=\"https:\/\/kobujutsu.fi\/yuishinkai-karatejutsu\/\">Yuishinkai karatejutsu<\/a><\/p><\/blockquote>\n<p><iframe class=\"wp-embedded-content\" sandbox=\"allow-scripts\" security=\"restricted\" style=\"position: absolute; clip: rect(1px, 1px, 1px, 1px);\" title=\"&#8221;Yuishinkai karatejutsu&#8221; &#8212; Suomen Yuishinkai ry\" src=\"https:\/\/kobujutsu.fi\/yuishinkai-karatejutsu\/embed\/#?secret=UGqjYW6rkc#?secret=9eCmRYFDEj\" data-secret=\"9eCmRYFDEj\" width=\"584\" height=\"329\" frameborder=\"0\" marginwidth=\"0\" marginheight=\"0\" scrolling=\"no\"><\/iframe><\/p>\n<p>&nbsp;<\/p>\n<p>&nbsp;<\/p>\n<p>&nbsp;<\/p>\n<p>&nbsp;<\/p>\n<p>&nbsp;<\/p>\n","protected":false},"excerpt":{"rendered":"<p>HISTORIAA SEURASTAMME: Kaarinan Urheilijoiden Karate, Tai-Chi jaoston toiminta alkoi helmikuussa 1992 Tommi Halsvahan toimesta. Halsvaha aloitti karateharjoittelun 70-luvulla Salon viesti Karatessa ja sielt\u00e4 h\u00e4n siirtyi harjoittelemaan Turkuun Shaolin seuraan Ilpo Jalamon oppilaaksi. Shaolinissa h\u00e4n harjoitteli my\u00f6s Kobudoa, Judoa ja Tai-Chi &hellip; <a href=\"https:\/\/kaaru.fi\/?page_id=176\">Lue loppuun <span class=\"meta-nav\">&rarr;<\/span><\/a><\/p>\n","protected":false},"author":1,"featured_media":0,"parent":0,"menu_order":0,"comment_status":"closed","ping_status":"closed","template":"","meta":{"footnotes":""},"_links":{"self":[{"href":"https:\/\/kaaru.fi\/index.php?rest_route=\/wp\/v2\/pages\/176"}],"collection":[{"href":"https:\/\/kaaru.fi\/index.php?rest_route=\/wp\/v2\/pages"}],"about":[{"href":"https:\/\/kaaru.fi\/index.php?rest_route=\/wp\/v2\/types\/page"}],"author":[{"embeddable":true,"href":"https:\/\/kaaru.fi\/index.php?rest_route=\/wp\/v2\/users\/1"}],"replies":[{"embeddable":true,"href":"https:\/\/kaaru.fi\/index.php?rest_route=%2Fwp%2Fv2%2Fcomments&post=176"}],"version-history":[{"count":46,"href":"https:\/\/kaaru.fi\/index.php?rest_route=\/wp\/v2\/pages\/176\/revisions"}],"predecessor-version":[{"id":487,"href":"https:\/\/kaaru.fi\/index.php?rest_route=\/wp\/v2\/pages\/176\/revisions\/487"}],"wp:attachment":[{"href":"https:\/\/kaaru.fi\/index.php?rest_route=%2Fwp%2Fv2%2Fmedia&parent=176"}],"curies":[{"name":"wp","href":"https:\/\/api.w.org\/{rel}","templated":true}]}}