{"id":164,"date":"2018-10-03T16:42:18","date_gmt":"2018-10-03T13:42:18","guid":{"rendered":"https:\/\/kaaru.fi\/?page_id=164"},"modified":"2024-06-14T11:47:55","modified_gmt":"2024-06-14T08:47:55","slug":"liity-jaseneksi","status":"publish","type":"page","link":"https:\/\/kaaru.fi\/?page_id=164","title":{"rendered":"Liity j\u00e4seneksi"},"content":{"rendered":"<p>T\u00e4hdell\u00e4 (*) merkityt kent\u00e4t ovat pakollisia.<\/p>\n<p>&nbsp;<\/p>\n\n<div class=\"wpcf7 no-js\" id=\"wpcf7-f218-o1\" lang=\"fi\" dir=\"ltr\">\n<div class=\"screen-reader-response\"><p role=\"status\" aria-live=\"polite\" aria-atomic=\"true\"><\/p> <ul><\/ul><\/div>\n<form action=\"\/index.php?rest_route=%2Fwp%2Fv2%2Fpages%2F164#wpcf7-f218-o1\" method=\"post\" class=\"wpcf7-form init\" aria-label=\"Yhteydenottolomake\" novalidate=\"novalidate\" data-status=\"init\">\n<div style=\"display: none;\">\n<input type=\"hidden\" name=\"_wpcf7\" value=\"218\" \/>\n<input type=\"hidden\" name=\"_wpcf7_version\" value=\"5.9.8\" \/>\n<input type=\"hidden\" name=\"_wpcf7_locale\" value=\"fi\" \/>\n<input type=\"hidden\" name=\"_wpcf7_unit_tag\" value=\"wpcf7-f218-o1\" \/>\n<input type=\"hidden\" name=\"_wpcf7_container_post\" value=\"0\" \/>\n<input type=\"hidden\" name=\"_wpcf7_posted_data_hash\" value=\"\" \/>\n<input type=\"hidden\" name=\"_wpcf7_recaptcha_response\" value=\"\" \/>\n<\/div>\n<p><label> Etunimi *<br \/>\n<span class=\"wpcf7-form-control-wrap\" data-name=\"your-firstname\"><input size=\"40\" maxlength=\"400\" class=\"wpcf7-form-control wpcf7-text wpcf7-validates-as-required\" aria-required=\"true\" aria-invalid=\"false\" value=\"\" type=\"text\" name=\"your-firstname\" \/><\/span> <\/label>\n<\/p>\n<p><label> Sukunimi *<br \/>\n<span class=\"wpcf7-form-control-wrap\" data-name=\"your-name\"><input size=\"40\" maxlength=\"400\" class=\"wpcf7-form-control wpcf7-text wpcf7-validates-as-required\" aria-required=\"true\" aria-invalid=\"false\" value=\"\" type=\"text\" name=\"your-name\" \/><\/span> <\/label>\n<\/p>\n<p><label> Toinen nimi<br \/>\n<span class=\"wpcf7-form-control-wrap\" data-name=\"your--name2\"><input size=\"40\" maxlength=\"400\" class=\"wpcf7-form-control wpcf7-text\" aria-invalid=\"false\" value=\"\" type=\"text\" name=\"your--name2\" \/><\/span> <\/label>\n<\/p>\n<p><label> Huoltajan nimi jos hakija alaik\u00e4inen<br \/>\n<span class=\"wpcf7-form-control-wrap\" data-name=\"your--name3\"><input size=\"40\" maxlength=\"400\" class=\"wpcf7-form-control wpcf7-text\" aria-invalid=\"false\" value=\"\" type=\"text\" name=\"your--name3\" \/><\/span> <\/label>\n<\/p>\n<p><label> Osoite *<br \/>\n<span class=\"wpcf7-form-control-wrap\" data-name=\"your--adress\"><input size=\"40\" maxlength=\"400\" class=\"wpcf7-form-control wpcf7-text wpcf7-validates-as-required\" aria-required=\"true\" aria-invalid=\"false\" value=\"\" type=\"text\" name=\"your--adress\" \/><\/span> <\/label>\n<\/p>\n<p><label> Postinumero *<br \/>\n<span class=\"wpcf7-form-control-wrap\" data-name=\"your--postno\"><input size=\"40\" maxlength=\"400\" class=\"wpcf7-form-control wpcf7-text wpcf7-validates-as-required\" aria-required=\"true\" aria-invalid=\"false\" value=\"\" type=\"text\" name=\"your--postno\" \/><\/span> <\/label>\n<\/p>\n<p><label> Postitoimipaikka *<br \/>\n<span class=\"wpcf7-form-control-wrap\" data-name=\"your--post\"><input size=\"40\" maxlength=\"400\" class=\"wpcf7-form-control wpcf7-text wpcf7-validates-as-required\" aria-required=\"true\" aria-invalid=\"false\" value=\"\" type=\"text\" name=\"your--post\" \/><\/span> <\/label>\n<\/p>\n<p><label> Puhelin *<br \/>\n<span class=\"wpcf7-form-control-wrap\" data-name=\"your-puhelin\"><input size=\"40\" maxlength=\"400\" class=\"wpcf7-form-control wpcf7-tel wpcf7-validates-as-required wpcf7-text wpcf7-validates-as-tel\" aria-required=\"true\" aria-invalid=\"false\" value=\"\" type=\"tel\" name=\"your-puhelin\" \/><\/span> <\/label>\n<\/p>\n<p><label> S\u00e4hk\u00f6posti *<br \/>\n<span class=\"wpcf7-form-control-wrap\" data-name=\"your-email\"><input size=\"40\" maxlength=\"400\" class=\"wpcf7-form-control wpcf7-email wpcf7-validates-as-required wpcf7-text wpcf7-validates-as-email\" aria-required=\"true\" aria-invalid=\"false\" value=\"\" type=\"email\" name=\"your-email\" \/><\/span> <\/label>\n<\/p>\n<p><label> Syntym\u00e4aika *<br \/>\nP\u00e4iv\u00e4 <span class=\"wpcf7-form-control-wrap\" data-name=\"menu-134\"><select class=\"wpcf7-form-control wpcf7-select wpcf7-validates-as-required\" aria-required=\"true\" aria-invalid=\"false\" name=\"menu-134\"><option value=\"\">&#8212;Valitse vaihtoehto&#8212;<\/option><option value=\"1\">1<\/option><option value=\"2\">2<\/option><option value=\"3\">3<\/option><option value=\"4\">4<\/option><option value=\"5\">5<\/option><option value=\"6\">6<\/option><option value=\"7\">7<\/option><option value=\"8\">8<\/option><option value=\"9\">9<\/option><option value=\"10\">10<\/option><option value=\"11\">11<\/option><option value=\"12\">12<\/option><option value=\"13\">13<\/option><option value=\"14\">14<\/option><option value=\"15\">15<\/option><option value=\"16\">16<\/option><option value=\"17\">17<\/option><option value=\"18\">18<\/option><option value=\"19\">19<\/option><option value=\"20\">20<\/option><option value=\"21\">21<\/option><option value=\"22\">22<\/option><option value=\"23\">23<\/option><option value=\"24\">24<\/option><option value=\"25\">25<\/option><option value=\"26\">26<\/option><option value=\"27\">27<\/option><option value=\"28\">28<\/option><option value=\"29\">29<\/option><option value=\"30\">30<\/option><option value=\"31\">31<\/option><\/select><\/span><br \/>\nKuukausi <span class=\"wpcf7-form-control-wrap\" data-name=\"menu-421\"><select class=\"wpcf7-form-control wpcf7-select wpcf7-validates-as-required\" aria-required=\"true\" aria-invalid=\"false\" name=\"menu-421\"><option value=\"\">&#8212;Valitse vaihtoehto&#8212;<\/option><option value=\"1\">1<\/option><option value=\"2\">2<\/option><option value=\"3\">3<\/option><option value=\"4\">4<\/option><option value=\"5\">5<\/option><option value=\"6\">6<\/option><option value=\"7\">7<\/option><option value=\"8\">8<\/option><option value=\"9\">9<\/option><option value=\"10\">10<\/option><option value=\"11\">11<\/option><option value=\"12\">12<\/option><\/select><\/span><br \/>\nVuosi <span class=\"wpcf7-form-control-wrap\" data-name=\"menu-422\"><select class=\"wpcf7-form-control wpcf7-select wpcf7-validates-as-required\" aria-required=\"true\" aria-invalid=\"false\" name=\"menu-422\"><option value=\"\">&#8212;Valitse vaihtoehto&#8212;<\/option><option value=\"1930\">1930<\/option><option value=\"1931\">1931<\/option><option value=\"1932\">1932<\/option><option value=\"1933\">1933<\/option><option value=\"1934\">1934<\/option><option value=\"1935\">1935<\/option><option value=\"1936\">1936<\/option><option value=\"1937\">1937<\/option><option value=\"1938\">1938<\/option><option value=\"1939\">1939<\/option><option value=\"1940\">1940<\/option><option value=\"1941\">1941<\/option><option value=\"1942\">1942<\/option><option value=\"1943\">1943<\/option><option value=\"1944\">1944<\/option><option value=\"1945\">1945<\/option><option value=\"1946\">1946<\/option><option value=\"1947\">1947<\/option><option value=\"1948\">1948<\/option><option value=\"1949\">1949<\/option><option value=\"1950\">1950<\/option><option value=\"1951\">1951<\/option><option value=\"1952\">1952<\/option><option value=\"1953\">1953<\/option><option value=\"1954\">1954<\/option><option value=\"1955\">1955<\/option><option value=\"1956\">1956<\/option><option value=\"1957\">1957<\/option><option value=\"1958\">1958<\/option><option value=\"1959\">1959<\/option><option value=\"1960\">1960<\/option><option value=\"1961\">1961<\/option><option value=\"1962\">1962<\/option><option value=\"1963\">1963<\/option><option value=\"1964\">1964<\/option><option value=\"1965\">1965<\/option><option value=\"1966\">1966<\/option><option value=\"1967\">1967<\/option><option value=\"1968\">1968<\/option><option value=\"1969\">1969<\/option><option value=\"1970\">1970<\/option><option value=\"1971\">1971<\/option><option value=\"1972\">1972<\/option><option value=\"1973\">1973<\/option><option value=\"1974\">1974<\/option><option value=\"1975\">1975<\/option><option value=\"1976\">1976<\/option><option value=\"1977\">1977<\/option><option value=\"1978\">1978<\/option><option value=\"1979\">1979<\/option><option value=\"1980\">1980<\/option><option value=\"1981\">1981<\/option><option value=\"1982\">1982<\/option><option value=\"1983\">1983<\/option><option value=\"1984\">1984<\/option><option value=\"1985\">1985<\/option><option value=\"1986\">1986<\/option><option value=\"1987\">1987<\/option><option value=\"1988\">1988<\/option><option value=\"1989\">1989<\/option><option value=\"1990\">1990<\/option><option value=\"1991\">1991<\/option><option value=\"1992\">1992<\/option><option value=\"1993\">1993<\/option><option value=\"1994\">1994<\/option><option value=\"1995\">1995<\/option><option value=\"1996\">1996<\/option><option value=\"1997\">1997<\/option><option value=\"1998\">1998<\/option><option value=\"1999\">1999<\/option><option value=\"2000\">2000<\/option><option value=\"2001\">2001<\/option><option value=\"2002\">2002<\/option><option value=\"2003\">2003<\/option><option value=\"2004\">2004<\/option><option value=\"2005\">2005<\/option><option value=\"2006\">2006<\/option><option value=\"2007\">2007<\/option><option value=\"2008\">2008<\/option><option value=\"2009\">2009<\/option><option value=\"2010\">2010<\/option><option value=\"2011\">2011<\/option><option value=\"2012\">2012<\/option><option value=\"2013\">2013<\/option><option value=\"2014\">2014<\/option><option value=\"2015\">2015<\/option><option value=\"2016\">2016<\/option><option value=\"2017\">2017<\/option><option value=\"2018\">2018<\/option><option value=\"2019\">2019<\/option><\/select><\/span><br \/>\n<label> Sukupuoli *<br \/>\n<span class=\"wpcf7-form-control-wrap\" data-name=\"menu-21\"><select class=\"wpcf7-form-control wpcf7-select wpcf7-validates-as-required\" aria-required=\"true\" aria-invalid=\"false\" name=\"menu-21\"><option value=\"\">&#8212;Valitse vaihtoehto&#8212;<\/option><option value=\"Mies\">Mies<\/option><option value=\"Nainen\">Nainen<\/option><\/select><\/span><br \/>\n<label> P\u00e4\u00e4jaosto *<br \/>\n<span class=\"wpcf7-form-control-wrap\" data-name=\"menu-530\"><select class=\"wpcf7-form-control wpcf7-select wpcf7-validates-as-required\" aria-required=\"true\" aria-invalid=\"false\" name=\"menu-530\"><option value=\"\">&#8212;Valitse vaihtoehto&#8212;<\/option><option value=\"Ammunta\">Ammunta<\/option><option value=\"Hiihto\">Hiihto<\/option><option value=\"Judo\">Judo<\/option><option value=\"Karate, Tai-Chi\">Karate, Tai-Chi<\/option><option value=\"Kunto\">Kunto<\/option><option value=\"Salibandy\">Salibandy<\/option><option value=\"Soutu\">Soutu<\/option><option value=\"Lentopallo\">Lentopallo<\/option><option value=\"Yhdistys\">Yhdistys<\/option><\/select><\/span><br \/>\n<input class=\"wpcf7-form-control wpcf7-submit has-spinner\" type=\"submit\" value=\"L\u00e4het\u00e4\" \/><\/label><\/label><\/label>\n<\/p><div class=\"wpcf7-response-output\" aria-hidden=\"true\"><\/div>\n<\/form>\n<\/div>\n\n","protected":false},"excerpt":{"rendered":"<p>T\u00e4hdell\u00e4 (*) merkityt kent\u00e4t ovat pakollisia. &nbsp;<\/p>\n","protected":false},"author":1,"featured_media":0,"parent":0,"menu_order":0,"comment_status":"closed","ping_status":"closed","template":"","meta":{"footnotes":""},"_links":{"self":[{"href":"https:\/\/kaaru.fi\/index.php?rest_route=\/wp\/v2\/pages\/164"}],"collection":[{"href":"https:\/\/kaaru.fi\/index.php?rest_route=\/wp\/v2\/pages"}],"about":[{"href":"https:\/\/kaaru.fi\/index.php?rest_route=\/wp\/v2\/types\/page"}],"author":[{"embeddable":true,"href":"https:\/\/kaaru.fi\/index.php?rest_route=\/wp\/v2\/users\/1"}],"replies":[{"embeddable":true,"href":"https:\/\/kaaru.fi\/index.php?rest_route=%2Fwp%2Fv2%2Fcomments&post=164"}],"version-history":[{"count":14,"href":"https:\/\/kaaru.fi\/index.php?rest_route=\/wp\/v2\/pages\/164\/revisions"}],"predecessor-version":[{"id":360,"href":"https:\/\/kaaru.fi\/index.php?rest_route=\/wp\/v2\/pages\/164\/revisions\/360"}],"wp:attachment":[{"href":"https:\/\/kaaru.fi\/index.php?rest_route=%2Fwp%2Fv2%2Fmedia&parent=164"}],"curies":[{"name":"wp","href":"https:\/\/api.w.org\/{rel}","templated":true}]}}