{"id":155,"date":"2018-10-03T16:41:41","date_gmt":"2018-10-03T13:41:41","guid":{"rendered":"https:\/\/kaaru.fi\/?page_id=155"},"modified":"2025-02-02T20:56:02","modified_gmt":"2025-02-02T18:56:02","slug":"uutiset","status":"publish","type":"page","link":"https:\/\/kaaru.fi\/?page_id=155","title":{"rendered":"Uutiset"},"content":{"rendered":"<h1>KAARINA SOUTU 2018<\/h1>\n<h1>Soutukilpailu tapahtumaa emme j\u00e4rjest\u00e4 t\u00e4n\u00e4 vuonna<\/h1>\n","protected":false},"excerpt":{"rendered":"<p>KAARINA SOUTU 2018 Soutukilpailu tapahtumaa emme j\u00e4rjest\u00e4 t\u00e4n\u00e4 vuonna<\/p>\n","protected":false},"author":1,"featured_media":0,"parent":2,"menu_order":0,"comment_status":"closed","ping_status":"closed","template":"","meta":{"footnotes":""},"_links":{"self":[{"href":"https:\/\/kaaru.fi\/index.php?rest_route=\/wp\/v2\/pages\/155"}],"collection":[{"href":"https:\/\/kaaru.fi\/index.php?rest_route=\/wp\/v2\/pages"}],"about":[{"href":"https:\/\/kaaru.fi\/index.php?rest_route=\/wp\/v2\/types\/page"}],"author":[{"embeddable":true,"href":"https:\/\/kaaru.fi\/index.php?rest_route=\/wp\/v2\/users\/1"}],"replies":[{"embeddable":true,"href":"https:\/\/kaaru.fi\/index.php?rest_route=%2Fwp%2Fv2%2Fcomments&post=155"}],"version-history":[{"count":2,"href":"https:\/\/kaaru.fi\/index.php?rest_route=\/wp\/v2\/pages\/155\/revisions"}],"predecessor-version":[{"id":194,"href":"https:\/\/kaaru.fi\/index.php?rest_route=\/wp\/v2\/pages\/155\/revisions\/194"}],"up":[{"embeddable":true,"href":"https:\/\/kaaru.fi\/index.php?rest_route=\/wp\/v2\/pages\/2"}],"wp:attachment":[{"href":"https:\/\/kaaru.fi\/index.php?rest_route=%2Fwp%2Fv2%2Fmedia&parent=155"}],"curies":[{"name":"wp","href":"https:\/\/api.w.org\/{rel}","templated":true}]}}